{"id":118,"date":"2020-05-10T08:16:09","date_gmt":"2020-05-10T08:16:09","guid":{"rendered":"http:\/\/creativthemes.com\/theme-demo\/grand-academy\/?page_id=13"},"modified":"2025-06-28T22:34:19","modified_gmt":"2025-06-28T22:34:19","slug":"kontakt","status":"publish","type":"page","link":"https:\/\/www.diesonnenkinder.de\/index.php\/kontakt\/","title":{"rendered":"Kontakt"},"content":{"rendered":"\n<pre class=\"wp-block-preformatted has-contrast-color has-text-color has-link-color has-system-font-family wp-elements-12418eabdcf4ca1d7a83d27e20528074\">Ich freue mich sehr, dass Sie Interesse an meiner Arbeit mit den Kindern haben und mit mir Kontakt treten m\u00f6chten! <br>Wenn Sie Fragen haben, bin ich gerne f\u00fcr Sie da. <br><br>Sie erreichen mich per E-Mail unter info@diesonnenkinder.de oder telefonisch unter 0157 77091232 oder \u00fcber das unten stehende Kontaktformular.<\/pre>\n\n\n\n<p class=\"has-contrast-color has-text-color has-link-color wp-elements-60bf8c67e2b6a9a3c02661d382b116e1\"><\/p>\n\n\n\n<div class=\"wpcf7 no-js\" id=\"wpcf7-f5-o1\" lang=\"de-DE\" dir=\"ltr\" data-wpcf7-id=\"5\">\n<div class=\"screen-reader-response\"><p role=\"status\" aria-live=\"polite\" aria-atomic=\"true\"><\/p> <ul><\/ul><\/div>\n<form action=\"\/index.php\/wp-json\/wp\/v2\/pages\/118#wpcf7-f5-o1\" method=\"post\" class=\"wpcf7-form init\" aria-label=\"Kontaktformular\" novalidate=\"novalidate\" data-status=\"init\">\n<fieldset class=\"hidden-fields-container\"><input type=\"hidden\" name=\"_wpcf7\" value=\"5\" \/><input type=\"hidden\" name=\"_wpcf7_version\" value=\"6.1\" \/><input type=\"hidden\" name=\"_wpcf7_locale\" value=\"de_DE_formal\" \/><input type=\"hidden\" name=\"_wpcf7_unit_tag\" value=\"wpcf7-f5-o1\" \/><input type=\"hidden\" name=\"_wpcf7_container_post\" value=\"0\" \/><input type=\"hidden\" name=\"_wpcf7_posted_data_hash\" value=\"\" \/>\n<\/fieldset>\n<p><label> Ihr Name<br \/>\n<span class=\"wpcf7-form-control-wrap\" data-name=\"your-name\"><input size=\"40\" maxlength=\"400\" class=\"wpcf7-form-control wpcf7-text wpcf7-validates-as-required\" autocomplete=\"name\" aria-required=\"true\" aria-invalid=\"false\" value=\"\" type=\"text\" name=\"your-name\" \/><\/span> <\/label>\n<\/p>\n<p><label> Ihre E-Mail-Adresse<br \/>\n<span class=\"wpcf7-form-control-wrap\" data-name=\"your-email\"><input size=\"40\" maxlength=\"400\" class=\"wpcf7-form-control wpcf7-email wpcf7-validates-as-required wpcf7-text wpcf7-validates-as-email\" autocomplete=\"email\" aria-required=\"true\" aria-invalid=\"false\" value=\"\" type=\"email\" name=\"your-email\" \/><\/span> <\/label>\n<\/p>\n<p><label> Betreff<br \/>\n<span class=\"wpcf7-form-control-wrap\" data-name=\"your-subject\"><input size=\"40\" maxlength=\"400\" class=\"wpcf7-form-control wpcf7-text wpcf7-validates-as-required\" aria-required=\"true\" aria-invalid=\"false\" value=\"\" type=\"text\" name=\"your-subject\" \/><\/span> <\/label>\n<\/p>\n<p><label> Ihre Nachricht (optional)<br \/>\n<span class=\"wpcf7-form-control-wrap\" data-name=\"your-message\"><textarea cols=\"40\" rows=\"10\" maxlength=\"2000\" class=\"wpcf7-form-control wpcf7-textarea\" aria-invalid=\"false\" name=\"your-message\"><\/textarea><\/span> <\/label>\n<\/p>\n<p><input class=\"wpcf7-form-control wpcf7-submit has-spinner\" type=\"submit\" value=\"Senden\" \/>\n<\/p><div class=\"wpcf7-response-output\" aria-hidden=\"true\"><\/div>\n<\/form>\n<\/div>\n\n\n\n\n<p class=\"has-contrast-color has-text-color has-link-color wp-elements-60bf8c67e2b6a9a3c02661d382b116e1\"><\/p>\n","protected":false},"excerpt":{"rendered":"<p>Ich freue mich sehr, dass Sie Interesse an meiner Arbeit mit den Kindern haben und mit mir Kontakt treten m\u00f6chten! Wenn Sie Fragen haben, bin ich gerne f\u00fcr Sie da. Sie erreichen mich per E-Mail unter info@diesonnenkinder.de oder telefonisch unter 0157 77091232 oder \u00fcber das unten stehende Kontaktformular.<\/p>\n","protected":false},"author":2,"featured_media":0,"parent":0,"menu_order":0,"comment_status":"closed","ping_status":"closed","template":"impressum","meta":{"footnotes":""},"class_list":["post-118","page","type-page","status-publish","hentry"],"yoast_head":"<!-- This site is optimized with the Yoast SEO plugin v25.3.1 - https:\/\/yoast.com\/wordpress\/plugins\/seo\/ -->\n<title>Kontakt - die Sonnenkinder<\/title>\n<meta name=\"robots\" content=\"index, follow, max-snippet:-1, max-image-preview:large, max-video-preview:-1\" \/>\n<link rel=\"canonical\" href=\"https:\/\/www.diesonnenkinder.de\/index.php\/kontakt\/\" \/>\n<meta property=\"og:locale\" content=\"de_DE\" \/>\n<meta property=\"og:type\" content=\"article\" \/>\n<meta property=\"og:title\" content=\"Kontakt - die Sonnenkinder\" \/>\n<meta property=\"og:description\" content=\"Ich freue mich sehr, dass Sie Interesse an meiner Arbeit mit den Kindern haben und mit mir Kontakt treten m\u00f6chten! Wenn Sie Fragen haben, bin ich gerne f\u00fcr Sie da. Sie erreichen mich per E-Mail unter info@diesonnenkinder.de oder telefonisch unter 0157 77091232 oder \u00fcber das unten stehende Kontaktformular.\" \/>\n<meta property=\"og:url\" content=\"https:\/\/www.diesonnenkinder.de\/index.php\/kontakt\/\" \/>\n<meta property=\"og:site_name\" content=\"die Sonnenkinder\" \/>\n<meta property=\"article:modified_time\" content=\"2025-06-28T22:34:19+00:00\" \/>\n<meta name=\"twitter:card\" content=\"summary_large_image\" \/>\n<meta name=\"twitter:label1\" content=\"Gesch\u00e4tzte Lesezeit\" \/>\n\t<meta name=\"twitter:data1\" content=\"1\u00a0Minute\" \/>\n<script type=\"application\/ld+json\" class=\"yoast-schema-graph\">{\"@context\":\"https:\/\/schema.org\",\"@graph\":[{\"@type\":\"WebPage\",\"@id\":\"https:\/\/www.diesonnenkinder.de\/index.php\/kontakt\/\",\"url\":\"https:\/\/www.diesonnenkinder.de\/index.php\/kontakt\/\",\"name\":\"Kontakt - die Sonnenkinder\",\"isPartOf\":{\"@id\":\"https:\/\/www.diesonnenkinder.de\/#website\"},\"datePublished\":\"2020-05-10T08:16:09+00:00\",\"dateModified\":\"2025-06-28T22:34:19+00:00\",\"breadcrumb\":{\"@id\":\"https:\/\/www.diesonnenkinder.de\/index.php\/kontakt\/#breadcrumb\"},\"inLanguage\":\"de\",\"potentialAction\":[{\"@type\":\"ReadAction\",\"target\":[\"https:\/\/www.diesonnenkinder.de\/index.php\/kontakt\/\"]}]},{\"@type\":\"BreadcrumbList\",\"@id\":\"https:\/\/www.diesonnenkinder.de\/index.php\/kontakt\/#breadcrumb\",\"itemListElement\":[{\"@type\":\"ListItem\",\"position\":1,\"name\":\"Startseite\",\"item\":\"https:\/\/www.diesonnenkinder.de\/\"},{\"@type\":\"ListItem\",\"position\":2,\"name\":\"Kontakt\"}]},{\"@type\":\"WebSite\",\"@id\":\"https:\/\/www.diesonnenkinder.de\/#website\",\"url\":\"https:\/\/www.diesonnenkinder.de\/\",\"name\":\"die Sonnenkinder\",\"description\":\"Luisa H\u00f6nig | Kindertagespflegeperson | Fuldatal-Ihringshausen | Stockbreite 33\",\"publisher\":{\"@id\":\"https:\/\/www.diesonnenkinder.de\/#organization\"},\"potentialAction\":[{\"@type\":\"SearchAction\",\"target\":{\"@type\":\"EntryPoint\",\"urlTemplate\":\"https:\/\/www.diesonnenkinder.de\/?s={search_term_string}\"},\"query-input\":{\"@type\":\"PropertyValueSpecification\",\"valueRequired\":true,\"valueName\":\"search_term_string\"}}],\"inLanguage\":\"de\"},{\"@type\":\"Organization\",\"@id\":\"https:\/\/www.diesonnenkinder.de\/#organization\",\"name\":\"die Sonnenkinder\",\"url\":\"https:\/\/www.diesonnenkinder.de\/\",\"logo\":{\"@type\":\"ImageObject\",\"inLanguage\":\"de\",\"@id\":\"https:\/\/www.diesonnenkinder.de\/#\/schema\/logo\/image\/\",\"url\":\"https:\/\/www.diesonnenkinder.de\/wp-content\/uploads\/2025\/10\/logo.jpg\",\"contentUrl\":\"https:\/\/www.diesonnenkinder.de\/wp-content\/uploads\/2025\/10\/logo.jpg\",\"width\":280,\"height\":298,\"caption\":\"die Sonnenkinder\"},\"image\":{\"@id\":\"https:\/\/www.diesonnenkinder.de\/#\/schema\/logo\/image\/\"}}]}<\/script>\n<!-- \/ Yoast SEO plugin. -->","yoast_head_json":{"title":"Kontakt - die Sonnenkinder","robots":{"index":"index","follow":"follow","max-snippet":"max-snippet:-1","max-image-preview":"max-image-preview:large","max-video-preview":"max-video-preview:-1"},"canonical":"https:\/\/www.diesonnenkinder.de\/index.php\/kontakt\/","og_locale":"de_DE","og_type":"article","og_title":"Kontakt - die Sonnenkinder","og_description":"Ich freue mich sehr, dass Sie Interesse an meiner Arbeit mit den Kindern haben und mit mir Kontakt treten m\u00f6chten! Wenn Sie Fragen haben, bin ich gerne f\u00fcr Sie da. Sie erreichen mich per E-Mail unter info@diesonnenkinder.de oder telefonisch unter 0157 77091232 oder \u00fcber das unten stehende Kontaktformular.","og_url":"https:\/\/www.diesonnenkinder.de\/index.php\/kontakt\/","og_site_name":"die Sonnenkinder","article_modified_time":"2025-06-28T22:34:19+00:00","twitter_card":"summary_large_image","twitter_misc":{"Gesch\u00e4tzte Lesezeit":"1\u00a0Minute"},"schema":{"@context":"https:\/\/schema.org","@graph":[{"@type":"WebPage","@id":"https:\/\/www.diesonnenkinder.de\/index.php\/kontakt\/","url":"https:\/\/www.diesonnenkinder.de\/index.php\/kontakt\/","name":"Kontakt - die Sonnenkinder","isPartOf":{"@id":"https:\/\/www.diesonnenkinder.de\/#website"},"datePublished":"2020-05-10T08:16:09+00:00","dateModified":"2025-06-28T22:34:19+00:00","breadcrumb":{"@id":"https:\/\/www.diesonnenkinder.de\/index.php\/kontakt\/#breadcrumb"},"inLanguage":"de","potentialAction":[{"@type":"ReadAction","target":["https:\/\/www.diesonnenkinder.de\/index.php\/kontakt\/"]}]},{"@type":"BreadcrumbList","@id":"https:\/\/www.diesonnenkinder.de\/index.php\/kontakt\/#breadcrumb","itemListElement":[{"@type":"ListItem","position":1,"name":"Startseite","item":"https:\/\/www.diesonnenkinder.de\/"},{"@type":"ListItem","position":2,"name":"Kontakt"}]},{"@type":"WebSite","@id":"https:\/\/www.diesonnenkinder.de\/#website","url":"https:\/\/www.diesonnenkinder.de\/","name":"die Sonnenkinder","description":"Luisa H\u00f6nig | Kindertagespflegeperson | Fuldatal-Ihringshausen | Stockbreite 33","publisher":{"@id":"https:\/\/www.diesonnenkinder.de\/#organization"},"potentialAction":[{"@type":"SearchAction","target":{"@type":"EntryPoint","urlTemplate":"https:\/\/www.diesonnenkinder.de\/?s={search_term_string}"},"query-input":{"@type":"PropertyValueSpecification","valueRequired":true,"valueName":"search_term_string"}}],"inLanguage":"de"},{"@type":"Organization","@id":"https:\/\/www.diesonnenkinder.de\/#organization","name":"die Sonnenkinder","url":"https:\/\/www.diesonnenkinder.de\/","logo":{"@type":"ImageObject","inLanguage":"de","@id":"https:\/\/www.diesonnenkinder.de\/#\/schema\/logo\/image\/","url":"https:\/\/www.diesonnenkinder.de\/wp-content\/uploads\/2025\/10\/logo.jpg","contentUrl":"https:\/\/www.diesonnenkinder.de\/wp-content\/uploads\/2025\/10\/logo.jpg","width":280,"height":298,"caption":"die Sonnenkinder"},"image":{"@id":"https:\/\/www.diesonnenkinder.de\/#\/schema\/logo\/image\/"}}]}},"_links":{"self":[{"href":"https:\/\/www.diesonnenkinder.de\/index.php\/wp-json\/wp\/v2\/pages\/118","targetHints":{"allow":["GET"]}}],"collection":[{"href":"https:\/\/www.diesonnenkinder.de\/index.php\/wp-json\/wp\/v2\/pages"}],"about":[{"href":"https:\/\/www.diesonnenkinder.de\/index.php\/wp-json\/wp\/v2\/types\/page"}],"author":[{"embeddable":true,"href":"https:\/\/www.diesonnenkinder.de\/index.php\/wp-json\/wp\/v2\/users\/2"}],"replies":[{"embeddable":true,"href":"https:\/\/www.diesonnenkinder.de\/index.php\/wp-json\/wp\/v2\/comments?post=118"}],"version-history":[{"count":11,"href":"https:\/\/www.diesonnenkinder.de\/index.php\/wp-json\/wp\/v2\/pages\/118\/revisions"}],"predecessor-version":[{"id":451,"href":"https:\/\/www.diesonnenkinder.de\/index.php\/wp-json\/wp\/v2\/pages\/118\/revisions\/451"}],"wp:attachment":[{"href":"https:\/\/www.diesonnenkinder.de\/index.php\/wp-json\/wp\/v2\/media?parent=118"}],"curies":[{"name":"wp","href":"https:\/\/api.w.org\/{rel}","templated":true}]}}